{"id":409,"date":"2024-07-10T14:19:06","date_gmt":"2024-07-10T14:19:06","guid":{"rendered":"https:\/\/vivido-ia.com\/sportkids\/?page_id=409"},"modified":"2024-08-15T16:20:51","modified_gmt":"2024-08-15T16:20:51","slug":"alquiler","status":"publish","type":"page","link":"https:\/\/sportkids.com.co\/index.php\/alquiler\/","title":{"rendered":"Alquiler fiestas"},"content":{"rendered":"\t\t<div data-elementor-type=\"wp-page\" data-elementor-id=\"409\" class=\"elementor elementor-409\">\n\t\t\t\t<div class=\"elementor-element elementor-element-6948836 e-con-full e-flex e-con e-parent\" data-id=\"6948836\" data-element_type=\"container\" data-e-type=\"container\" data-settings=\"{&quot;background_background&quot;:&quot;classic&quot;}\">\n\t\t\t\t<\/div>\n\t\t<div class=\"elementor-element elementor-element-a507d4f e-con-full e-flex e-con e-parent\" data-id=\"a507d4f\" data-element_type=\"container\" data-e-type=\"container\">\n\t\t<div class=\"elementor-element elementor-element-660f5e1 e-con-full e-flex e-con e-child\" data-id=\"660f5e1\" data-element_type=\"container\" data-e-type=\"container\">\n\t\t<div class=\"elementor-element elementor-element-83b3cc5 e-con-full e-flex e-con e-child\" data-id=\"83b3cc5\" data-element_type=\"container\" data-e-type=\"container\">\n\t\t<div class=\"elementor-element elementor-element-7c7ca33 e-con-full e-flex e-con e-child\" data-id=\"7c7ca33\" data-element_type=\"container\" data-e-type=\"container\">\n\t\t\t\t<div class=\"elementor-element elementor-element-8fc902f elementor-widget elementor-widget-image\" data-id=\"8fc902f\" data-element_type=\"widget\" data-e-type=\"widget\" data-widget_type=\"image.default\">\n\t\t\t\t<div class=\"elementor-widget-container\">\n\t\t\t\t\t\t\t\t\t\t\t\t\t\t\t<img loading=\"lazy\" decoding=\"async\" width=\"1080\" height=\"1080\" src=\"https:\/\/sportkids.com.co\/wp-content\/uploads\/2024\/08\/SPK-alquiler2.webp\" class=\"attachment-full size-full wp-image-1486\" alt=\"\" srcset=\"https:\/\/sportkids.com.co\/wp-content\/uploads\/2024\/08\/SPK-alquiler2.webp 1080w, https:\/\/sportkids.com.co\/wp-content\/uploads\/2024\/08\/SPK-alquiler2-300x300.webp 300w, https:\/\/sportkids.com.co\/wp-content\/uploads\/2024\/08\/SPK-alquiler2-1024x1024.webp 1024w, https:\/\/sportkids.com.co\/wp-content\/uploads\/2024\/08\/SPK-alquiler2-150x150.webp 150w, https:\/\/sportkids.com.co\/wp-content\/uploads\/2024\/08\/SPK-alquiler2-768x768.webp 768w, https:\/\/sportkids.com.co\/wp-content\/uploads\/2024\/08\/SPK-alquiler2-600x600.webp 600w, https:\/\/sportkids.com.co\/wp-content\/uploads\/2024\/08\/SPK-alquiler2-100x100.webp 100w, https:\/\/sportkids.com.co\/wp-content\/uploads\/2024\/08\/SPK-alquiler2-50x50.webp 50w, https:\/\/sportkids.com.co\/wp-content\/uploads\/2024\/08\/SPK-alquiler2-64x64.webp 64w\" sizes=\"auto, (max-width: 1080px) 100vw, 1080px\" \/>\t\t\t\t\t\t\t\t\t\t\t\t\t\t\t<\/div>\n\t\t\t\t<\/div>\n\t\t\t\t<\/div>\n\t\t<div class=\"elementor-element elementor-element-1ab6bfc e-con-full e-flex e-con e-child\" data-id=\"1ab6bfc\" data-element_type=\"container\" data-e-type=\"container\">\n\t\t\t\t<div class=\"elementor-element elementor-element-14b5f3d elementor-widget elementor-widget-image\" data-id=\"14b5f3d\" data-element_type=\"widget\" data-e-type=\"widget\" data-widget_type=\"image.default\">\n\t\t\t\t<div class=\"elementor-widget-container\">\n\t\t\t\t\t\t\t\t\t\t\t\t\t\t\t<img loading=\"lazy\" decoding=\"async\" width=\"2560\" height=\"1915\" src=\"https:\/\/sportkids.com.co\/wp-content\/uploads\/2024\/08\/fiestas-scaled.webp\" class=\"attachment-full size-full wp-image-1484\" alt=\"\" srcset=\"https:\/\/sportkids.com.co\/wp-content\/uploads\/2024\/08\/fiestas-scaled.webp 2560w, https:\/\/sportkids.com.co\/wp-content\/uploads\/2024\/08\/fiestas-300x224.webp 300w, https:\/\/sportkids.com.co\/wp-content\/uploads\/2024\/08\/fiestas-1024x766.webp 1024w, https:\/\/sportkids.com.co\/wp-content\/uploads\/2024\/08\/fiestas-768x574.webp 768w, https:\/\/sportkids.com.co\/wp-content\/uploads\/2024\/08\/fiestas-1536x1149.webp 1536w, https:\/\/sportkids.com.co\/wp-content\/uploads\/2024\/08\/fiestas-2048x1532.webp 2048w, https:\/\/sportkids.com.co\/wp-content\/uploads\/2024\/08\/fiestas-600x449.webp 600w, https:\/\/sportkids.com.co\/wp-content\/uploads\/2024\/08\/fiestas-64x48.webp 64w\" sizes=\"auto, (max-width: 2560px) 100vw, 2560px\" \/>\t\t\t\t\t\t\t\t\t\t\t\t\t\t\t<\/div>\n\t\t\t\t<\/div>\n\t\t\t\t<\/div>\n\t\t\t\t<\/div>\n\t\t<div class=\"elementor-element elementor-element-67e7b20 e-con-full e-flex e-con e-child\" data-id=\"67e7b20\" data-element_type=\"container\" data-e-type=\"container\">\n\t\t\t\t<div class=\"elementor-element elementor-element-cef7aff elementor-widget elementor-widget-image\" data-id=\"cef7aff\" data-element_type=\"widget\" data-e-type=\"widget\" data-widget_type=\"image.default\">\n\t\t\t\t<div class=\"elementor-widget-container\">\n\t\t\t\t\t\t\t\t\t\t\t\t\t\t\t<img loading=\"lazy\" decoding=\"async\" width=\"1080\" height=\"1080\" src=\"https:\/\/sportkids.com.co\/wp-content\/uploads\/2024\/08\/espacio2.webp\" class=\"attachment-full size-full wp-image-1482\" alt=\"\" srcset=\"https:\/\/sportkids.com.co\/wp-content\/uploads\/2024\/08\/espacio2.webp 1080w, https:\/\/sportkids.com.co\/wp-content\/uploads\/2024\/08\/espacio2-300x300.webp 300w, https:\/\/sportkids.com.co\/wp-content\/uploads\/2024\/08\/espacio2-1024x1024.webp 1024w, https:\/\/sportkids.com.co\/wp-content\/uploads\/2024\/08\/espacio2-150x150.webp 150w, https:\/\/sportkids.com.co\/wp-content\/uploads\/2024\/08\/espacio2-768x768.webp 768w, https:\/\/sportkids.com.co\/wp-content\/uploads\/2024\/08\/espacio2-600x600.webp 600w, https:\/\/sportkids.com.co\/wp-content\/uploads\/2024\/08\/espacio2-100x100.webp 100w, https:\/\/sportkids.com.co\/wp-content\/uploads\/2024\/08\/espacio2-50x50.webp 50w, https:\/\/sportkids.com.co\/wp-content\/uploads\/2024\/08\/espacio2-64x64.webp 64w\" sizes=\"auto, (max-width: 1080px) 100vw, 1080px\" \/>\t\t\t\t\t\t\t\t\t\t\t\t\t\t\t<\/div>\n\t\t\t\t<\/div>\n\t\t\t\t<\/div>\n\t\t\t\t<\/div>\n\t\t<div class=\"elementor-element elementor-element-f598d7b e-con-full e-flex e-con e-child\" data-id=\"f598d7b\" data-element_type=\"container\" data-e-type=\"container\">\n\t\t<div class=\"elementor-element elementor-element-da00436 e-con-full e-flex e-con e-child\" data-id=\"da00436\" data-element_type=\"container\" data-e-type=\"container\">\n\t\t\t\t<div class=\"elementor-element elementor-element-6dfb627 elementor-widget elementor-widget-heading\" data-id=\"6dfb627\" data-element_type=\"widget\" data-e-type=\"widget\" data-widget_type=\"heading.default\">\n\t\t\t\t<div class=\"elementor-widget-container\">\n\t\t\t\t\t<h2 class=\"elementor-heading-title elementor-size-default\">\u00bfEst\u00e1s buscando el lugar perfecto para celebrar tu pr\u00f3xima fiesta inolvidable?<br>Nuestro espacio de alquiler para fiestas es el escenario ideal para cualquier ocasi\u00f3n especial que desees festejar.\nOfrecemos un ambiente acogedor y vers\u00e1til, nuestras instalaciones cuentan con todo lo necesario para asegurar que tu fiesta sea un \u00e9xito. Desde espacios amplios, hasta \u00e1reas de entretenimiento.<br>Cont\u00e1ctanos para conocer m\u00e1s detalles y asegurar la reserva de nuestro espacio para tu evento.<\/h2>\t\t\t\t<\/div>\n\t\t\t\t<\/div>\n\t\t\t\t<\/div>\n\t\t<a class=\"eael-wrapper-link-5855e3a --eael-wrapper-link-tag\" href=\"https:\/\/wa.me\/573183887866\" target=\"_blank\"><\/a><div data-eael-wrapper-link=\"eael-wrapper-link-5855e3a\" class=\"elementor-element elementor-element-5855e3a e-con-full e-flex e-con e-child\" data-id=\"5855e3a\" data-element_type=\"container\" data-e-type=\"container\" data-settings=\"{&quot;background_background&quot;:&quot;classic&quot;}\">\n\t\t\t\t<div class=\"elementor-element elementor-element-6a3c3fa elementor-widget elementor-widget-heading\" data-id=\"6a3c3fa\" data-element_type=\"widget\" data-e-type=\"widget\" data-widget_type=\"heading.default\">\n\t\t\t\t<div class=\"elementor-widget-container\">\n\t\t\t\t\t<h2 class=\"elementor-heading-title elementor-size-default\">Cont\u00e1ctanos<\/h2>\t\t\t\t<\/div>\n\t\t\t\t<\/div>\n\t\t\t\t<\/div>\n\t\t\t\t<\/div>\n\t\t\t\t<\/div>\n\t\t\t\t<\/div>\n\t\t","protected":false},"excerpt":{"rendered":"<p>\u00bfEst\u00e1s buscando el lugar perfecto para celebrar tu pr\u00f3xima fiesta inolvidable?Nuestro espacio de alquiler para fiestas es el escenario ideal para cualquier ocasi\u00f3n especial que desees festejar. Ofrecemos un ambiente acogedor y vers\u00e1til, nuestras instalaciones cuentan con todo lo necesario para asegurar que tu fiesta sea un \u00e9xito. Desde espacios amplios, hasta \u00e1reas de entretenimiento.Cont\u00e1ctanos [&hellip;]<\/p>\n","protected":false},"author":1,"featured_media":0,"parent":0,"menu_order":0,"comment_status":"closed","ping_status":"closed","template":"","meta":{"ocean_post_layout":"","ocean_both_sidebars_style":"","ocean_both_sidebars_content_width":0,"ocean_both_sidebars_sidebars_width":0,"ocean_sidebar":"","ocean_second_sidebar":"","ocean_disable_margins":"enable","ocean_add_body_class":"","ocean_shortcode_before_top_bar":"","ocean_shortcode_after_top_bar":"","ocean_shortcode_before_header":"","ocean_shortcode_after_header":"","ocean_has_shortcode":"","ocean_shortcode_after_title":"","ocean_shortcode_before_footer_widgets":"","ocean_shortcode_after_footer_widgets":"","ocean_shortcode_before_footer_bottom":"","ocean_shortcode_after_footer_bottom":"","ocean_display_top_bar":"default","ocean_display_header":"default","ocean_header_style":"","ocean_center_header_left_menu":"","ocean_custom_header_template":"","ocean_custom_logo":0,"ocean_custom_retina_logo":0,"ocean_custom_logo_max_width":0,"ocean_custom_logo_tablet_max_width":0,"ocean_custom_logo_mobile_max_width":0,"ocean_custom_logo_max_height":0,"ocean_custom_logo_tablet_max_height":0,"ocean_custom_logo_mobile_max_height":0,"ocean_header_custom_menu":"","ocean_menu_typo_font_family":"","ocean_menu_typo_font_subset":"","ocean_menu_typo_font_size":0,"ocean_menu_typo_font_size_tablet":0,"ocean_menu_typo_font_size_mobile":0,"ocean_menu_typo_font_size_unit":"px","ocean_menu_typo_font_weight":"","ocean_menu_typo_font_weight_tablet":"","ocean_menu_typo_font_weight_mobile":"","ocean_menu_typo_transform":"","ocean_menu_typo_transform_tablet":"","ocean_menu_typo_transform_mobile":"","ocean_menu_typo_line_height":0,"ocean_menu_typo_line_height_tablet":0,"ocean_menu_typo_line_height_mobile":0,"ocean_menu_typo_line_height_unit":"","ocean_menu_typo_spacing":0,"ocean_menu_typo_spacing_tablet":0,"ocean_menu_typo_spacing_mobile":0,"ocean_menu_typo_spacing_unit":"","ocean_menu_link_color":"","ocean_menu_link_color_hover":"","ocean_menu_link_color_active":"","ocean_menu_link_background":"","ocean_menu_link_hover_background":"","ocean_menu_link_active_background":"","ocean_menu_social_links_bg":"","ocean_menu_social_hover_links_bg":"","ocean_menu_social_links_color":"","ocean_menu_social_hover_links_color":"","ocean_disable_title":"default","ocean_disable_heading":"default","ocean_post_title":"","ocean_post_subheading":"","ocean_post_title_style":"","ocean_post_title_background_color":"","ocean_post_title_background":0,"ocean_post_title_bg_image_position":"","ocean_post_title_bg_image_attachment":"","ocean_post_title_bg_image_repeat":"","ocean_post_title_bg_image_size":"","ocean_post_title_height":0,"ocean_post_title_bg_overlay":0.5,"ocean_post_title_bg_overlay_color":"","ocean_disable_breadcrumbs":"default","ocean_breadcrumbs_color":"","ocean_breadcrumbs_separator_color":"","ocean_breadcrumbs_links_color":"","ocean_breadcrumbs_links_hover_color":"","ocean_display_footer_widgets":"default","ocean_display_footer_bottom":"default","ocean_custom_footer_template":"","footnotes":""},"class_list":["post-409","page","type-page","status-publish","hentry","entry","owp-thumbs-layout-horizontal","owp-btn-normal","owp-tabs-layout-horizontal","has-no-thumbnails","has-product-nav"],"yoast_head":"<!-- This site is optimized with the Yoast SEO plugin v24.6 - https:\/\/yoast.com\/wordpress\/plugins\/seo\/ -->\n<title>Alquiler fiestas - SportKids<\/title>\n<meta name=\"robots\" content=\"index, follow, max-snippet:-1, max-image-preview:large, max-video-preview:-1\" \/>\n<link rel=\"canonical\" href=\"https:\/\/sportkids.com.co\/index.php\/alquiler\/\" \/>\n<meta property=\"og:locale\" content=\"es_ES\" \/>\n<meta property=\"og:type\" content=\"article\" \/>\n<meta property=\"og:title\" content=\"Alquiler fiestas - SportKids\" \/>\n<meta property=\"og:description\" content=\"\u00bfEst\u00e1s buscando el lugar perfecto para celebrar tu pr\u00f3xima fiesta inolvidable?Nuestro espacio de alquiler para fiestas es el escenario ideal para cualquier ocasi\u00f3n especial que desees festejar. Ofrecemos un ambiente acogedor y vers\u00e1til, nuestras instalaciones cuentan con todo lo necesario para asegurar que tu fiesta sea un \u00e9xito. Desde espacios amplios, hasta \u00e1reas de entretenimiento.Cont\u00e1ctanos [&hellip;]\" \/>\n<meta property=\"og:url\" content=\"https:\/\/sportkids.com.co\/index.php\/alquiler\/\" \/>\n<meta property=\"og:site_name\" content=\"SportKids\" \/>\n<meta property=\"article:modified_time\" content=\"2024-08-15T16:20:51+00:00\" \/>\n<meta property=\"og:image\" content=\"https:\/\/sportkids.com.co\/wp-content\/uploads\/2024\/08\/SPK-alquiler2.webp\" \/>\n\t<meta property=\"og:image:width\" content=\"1080\" \/>\n\t<meta property=\"og:image:height\" content=\"1080\" \/>\n\t<meta property=\"og:image:type\" content=\"image\/webp\" \/>\n<meta name=\"twitter:card\" content=\"summary_large_image\" \/>\n<script type=\"application\/ld+json\" class=\"yoast-schema-graph\">{\"@context\":\"https:\/\/schema.org\",\"@graph\":[{\"@type\":\"WebPage\",\"@id\":\"https:\/\/sportkids.com.co\/index.php\/alquiler\/\",\"url\":\"https:\/\/sportkids.com.co\/index.php\/alquiler\/\",\"name\":\"Alquiler fiestas - SportKids\",\"isPartOf\":{\"@id\":\"https:\/\/sportkids.com.co\/#website\"},\"primaryImageOfPage\":{\"@id\":\"https:\/\/sportkids.com.co\/index.php\/alquiler\/#primaryimage\"},\"image\":{\"@id\":\"https:\/\/sportkids.com.co\/index.php\/alquiler\/#primaryimage\"},\"thumbnailUrl\":\"https:\/\/sportkids.com.co\/wp-content\/uploads\/2024\/08\/SPK-alquiler2.webp\",\"datePublished\":\"2024-07-10T14:19:06+00:00\",\"dateModified\":\"2024-08-15T16:20:51+00:00\",\"breadcrumb\":{\"@id\":\"https:\/\/sportkids.com.co\/index.php\/alquiler\/#breadcrumb\"},\"inLanguage\":\"es-CO\",\"potentialAction\":[{\"@type\":\"ReadAction\",\"target\":[\"https:\/\/sportkids.com.co\/index.php\/alquiler\/\"]}]},{\"@type\":\"ImageObject\",\"inLanguage\":\"es-CO\",\"@id\":\"https:\/\/sportkids.com.co\/index.php\/alquiler\/#primaryimage\",\"url\":\"https:\/\/sportkids.com.co\/wp-content\/uploads\/2024\/08\/SPK-alquiler2.webp\",\"contentUrl\":\"https:\/\/sportkids.com.co\/wp-content\/uploads\/2024\/08\/SPK-alquiler2.webp\",\"width\":1080,\"height\":1080},{\"@type\":\"BreadcrumbList\",\"@id\":\"https:\/\/sportkids.com.co\/index.php\/alquiler\/#breadcrumb\",\"itemListElement\":[{\"@type\":\"ListItem\",\"position\":1,\"name\":\"Inicio\",\"item\":\"https:\/\/sportkids.com.co\/\"},{\"@type\":\"ListItem\",\"position\":2,\"name\":\"Alquiler fiestas\"}]},{\"@type\":\"WebSite\",\"@id\":\"https:\/\/sportkids.com.co\/#website\",\"url\":\"https:\/\/sportkids.com.co\/\",\"name\":\"SportKids\",\"description\":\"\",\"publisher\":{\"@id\":\"https:\/\/sportkids.com.co\/#organization\"},\"potentialAction\":[{\"@type\":\"SearchAction\",\"target\":{\"@type\":\"EntryPoint\",\"urlTemplate\":\"https:\/\/sportkids.com.co\/?s={search_term_string}\"},\"query-input\":{\"@type\":\"PropertyValueSpecification\",\"valueRequired\":true,\"valueName\":\"search_term_string\"}}],\"inLanguage\":\"es-CO\"},{\"@type\":\"Organization\",\"@id\":\"https:\/\/sportkids.com.co\/#organization\",\"name\":\"SportKids\",\"url\":\"https:\/\/sportkids.com.co\/\",\"logo\":{\"@type\":\"ImageObject\",\"inLanguage\":\"es-CO\",\"@id\":\"https:\/\/sportkids.com.co\/#\/schema\/logo\/image\/\",\"url\":\"https:\/\/sportkids.com.co\/wp-content\/uploads\/2024\/07\/cropped-SportKids-logo-blanco-e1720457836420.png\",\"contentUrl\":\"https:\/\/sportkids.com.co\/wp-content\/uploads\/2024\/07\/cropped-SportKids-logo-blanco-e1720457836420.png\",\"width\":1078,\"height\":555,\"caption\":\"SportKids\"},\"image\":{\"@id\":\"https:\/\/sportkids.com.co\/#\/schema\/logo\/image\/\"}}]}<\/script>\n<!-- \/ Yoast SEO plugin. -->","yoast_head_json":{"title":"Alquiler fiestas - SportKids","robots":{"index":"index","follow":"follow","max-snippet":"max-snippet:-1","max-image-preview":"max-image-preview:large","max-video-preview":"max-video-preview:-1"},"canonical":"https:\/\/sportkids.com.co\/index.php\/alquiler\/","og_locale":"es_ES","og_type":"article","og_title":"Alquiler fiestas - SportKids","og_description":"\u00bfEst\u00e1s buscando el lugar perfecto para celebrar tu pr\u00f3xima fiesta inolvidable?Nuestro espacio de alquiler para fiestas es el escenario ideal para cualquier ocasi\u00f3n especial que desees festejar. Ofrecemos un ambiente acogedor y vers\u00e1til, nuestras instalaciones cuentan con todo lo necesario para asegurar que tu fiesta sea un \u00e9xito. Desde espacios amplios, hasta \u00e1reas de entretenimiento.Cont\u00e1ctanos [&hellip;]","og_url":"https:\/\/sportkids.com.co\/index.php\/alquiler\/","og_site_name":"SportKids","article_modified_time":"2024-08-15T16:20:51+00:00","og_image":[{"width":1080,"height":1080,"url":"https:\/\/sportkids.com.co\/wp-content\/uploads\/2024\/08\/SPK-alquiler2.webp","type":"image\/webp"}],"twitter_card":"summary_large_image","schema":{"@context":"https:\/\/schema.org","@graph":[{"@type":"WebPage","@id":"https:\/\/sportkids.com.co\/index.php\/alquiler\/","url":"https:\/\/sportkids.com.co\/index.php\/alquiler\/","name":"Alquiler fiestas - SportKids","isPartOf":{"@id":"https:\/\/sportkids.com.co\/#website"},"primaryImageOfPage":{"@id":"https:\/\/sportkids.com.co\/index.php\/alquiler\/#primaryimage"},"image":{"@id":"https:\/\/sportkids.com.co\/index.php\/alquiler\/#primaryimage"},"thumbnailUrl":"https:\/\/sportkids.com.co\/wp-content\/uploads\/2024\/08\/SPK-alquiler2.webp","datePublished":"2024-07-10T14:19:06+00:00","dateModified":"2024-08-15T16:20:51+00:00","breadcrumb":{"@id":"https:\/\/sportkids.com.co\/index.php\/alquiler\/#breadcrumb"},"inLanguage":"es-CO","potentialAction":[{"@type":"ReadAction","target":["https:\/\/sportkids.com.co\/index.php\/alquiler\/"]}]},{"@type":"ImageObject","inLanguage":"es-CO","@id":"https:\/\/sportkids.com.co\/index.php\/alquiler\/#primaryimage","url":"https:\/\/sportkids.com.co\/wp-content\/uploads\/2024\/08\/SPK-alquiler2.webp","contentUrl":"https:\/\/sportkids.com.co\/wp-content\/uploads\/2024\/08\/SPK-alquiler2.webp","width":1080,"height":1080},{"@type":"BreadcrumbList","@id":"https:\/\/sportkids.com.co\/index.php\/alquiler\/#breadcrumb","itemListElement":[{"@type":"ListItem","position":1,"name":"Inicio","item":"https:\/\/sportkids.com.co\/"},{"@type":"ListItem","position":2,"name":"Alquiler fiestas"}]},{"@type":"WebSite","@id":"https:\/\/sportkids.com.co\/#website","url":"https:\/\/sportkids.com.co\/","name":"SportKids","description":"","publisher":{"@id":"https:\/\/sportkids.com.co\/#organization"},"potentialAction":[{"@type":"SearchAction","target":{"@type":"EntryPoint","urlTemplate":"https:\/\/sportkids.com.co\/?s={search_term_string}"},"query-input":{"@type":"PropertyValueSpecification","valueRequired":true,"valueName":"search_term_string"}}],"inLanguage":"es-CO"},{"@type":"Organization","@id":"https:\/\/sportkids.com.co\/#organization","name":"SportKids","url":"https:\/\/sportkids.com.co\/","logo":{"@type":"ImageObject","inLanguage":"es-CO","@id":"https:\/\/sportkids.com.co\/#\/schema\/logo\/image\/","url":"https:\/\/sportkids.com.co\/wp-content\/uploads\/2024\/07\/cropped-SportKids-logo-blanco-e1720457836420.png","contentUrl":"https:\/\/sportkids.com.co\/wp-content\/uploads\/2024\/07\/cropped-SportKids-logo-blanco-e1720457836420.png","width":1078,"height":555,"caption":"SportKids"},"image":{"@id":"https:\/\/sportkids.com.co\/#\/schema\/logo\/image\/"}}]}},"_links":{"self":[{"href":"https:\/\/sportkids.com.co\/index.php\/wp-json\/wp\/v2\/pages\/409","targetHints":{"allow":["GET"]}}],"collection":[{"href":"https:\/\/sportkids.com.co\/index.php\/wp-json\/wp\/v2\/pages"}],"about":[{"href":"https:\/\/sportkids.com.co\/index.php\/wp-json\/wp\/v2\/types\/page"}],"author":[{"embeddable":true,"href":"https:\/\/sportkids.com.co\/index.php\/wp-json\/wp\/v2\/users\/1"}],"replies":[{"embeddable":true,"href":"https:\/\/sportkids.com.co\/index.php\/wp-json\/wp\/v2\/comments?post=409"}],"version-history":[{"count":0,"href":"https:\/\/sportkids.com.co\/index.php\/wp-json\/wp\/v2\/pages\/409\/revisions"}],"wp:attachment":[{"href":"https:\/\/sportkids.com.co\/index.php\/wp-json\/wp\/v2\/media?parent=409"}],"curies":[{"name":"wp","href":"https:\/\/api.w.org\/{rel}","templated":true}]}}