{"id":1623,"date":"2024-08-14T20:50:11","date_gmt":"2024-08-14T20:50:11","guid":{"rendered":"https:\/\/sportkids.com.co\/?page_id=1623"},"modified":"2024-08-14T21:52:01","modified_gmt":"2024-08-14T21:52:01","slug":"terminos-y-condiciones","status":"publish","type":"page","link":"https:\/\/sportkids.com.co\/index.php\/terminos-y-condiciones\/","title":{"rendered":"T\u00e9rminos y condiciones"},"content":{"rendered":"\t\t<div data-elementor-type=\"wp-page\" data-elementor-id=\"1623\" class=\"elementor elementor-1623\">\n\t\t\t\t<div class=\"elementor-element elementor-element-f249a40 e-con-full e-flex e-con e-parent\" data-id=\"f249a40\" data-element_type=\"container\" data-e-type=\"container\">\n\t\t\t\t<div class=\"elementor-element elementor-element-01ca5de elementor-widget elementor-widget-heading\" data-id=\"01ca5de\" data-element_type=\"widget\" data-e-type=\"widget\" data-widget_type=\"heading.default\">\n\t\t\t\t<div class=\"elementor-widget-container\">\n\t\t\t\t\t<h2 class=\"elementor-heading-title elementor-size-default\">T\u00e9rminos y condiciones de uso<\/h2>\t\t\t\t<\/div>\n\t\t\t\t<\/div>\n\t\t\t\t<\/div>\n\t\t<div class=\"elementor-element elementor-element-f0b6803 e-con-full e-flex e-con e-parent\" data-id=\"f0b6803\" data-element_type=\"container\" data-e-type=\"container\">\n\t\t\t\t<div class=\"elementor-element elementor-element-ad941a5 elementor-widget elementor-widget-heading\" data-id=\"ad941a5\" data-element_type=\"widget\" data-e-type=\"widget\" data-widget_type=\"heading.default\">\n\t\t\t\t<div class=\"elementor-widget-container\">\n\t\t\t\t\t<h2 class=\"elementor-heading-title elementor-size-default\">Bienvenido a la p\u00e1gina web de Centro Deportivo Integral SportKids (Nicol\u00e1s Ruiz Villamil), una p\u00e1gina web que muestra una oferta de Servicios e informaci\u00f3n sobre las disciplinas deportivas ofrecidas por el Centro Deportivo Integral SportKids. Al acceder, consultar o usar nuestra plataforma web (en adelante, el \"SITIO\"), aceptas los siguientes T\u00e9rminos y Condiciones de Uso. Por favor, lee detenidamente esta informaci\u00f3n antes de realizar cualquier acci\u00f3n en el SITIO.<\/h2>\t\t\t\t<\/div>\n\t\t\t\t<\/div>\n\t\t\t\t<div class=\"elementor-element elementor-element-f22fd33 elementor-widget elementor-widget-heading\" data-id=\"f22fd33\" data-element_type=\"widget\" data-e-type=\"widget\" data-widget_type=\"heading.default\">\n\t\t\t\t<div class=\"elementor-widget-container\">\n\t\t\t\t\t<h2 class=\"elementor-heading-title elementor-size-default\">1. Informaci\u00f3n General<\/h2>\t\t\t\t<\/div>\n\t\t\t\t<\/div>\n\t\t\t\t<div class=\"elementor-element elementor-element-d364a1f elementor-widget elementor-widget-heading\" data-id=\"d364a1f\" data-element_type=\"widget\" data-e-type=\"widget\" data-widget_type=\"heading.default\">\n\t\t\t\t<div class=\"elementor-widget-container\">\n\t\t\t\t\t<h2 class=\"elementor-heading-title elementor-size-default\">Este SITIO es operado por Centro Deportivo Integral SportKids (Nicol\u00e1s Ruiz Villamil) con identificaci\u00f3n C.C. 79.527.636. Este SITIO ofrece un conjunto de informaci\u00f3n para que los clientes de las disciplinas deportivas ofrecidas por el Centro Deportivo Integral SportKids puedan consultar la propuesta de valor de Servicios que se tiene para ofertar. <\/h2>\t\t\t\t<\/div>\n\t\t\t\t<\/div>\n\t\t\t\t<div class=\"elementor-element elementor-element-9aba289 elementor-widget elementor-widget-heading\" data-id=\"9aba289\" data-element_type=\"widget\" data-e-type=\"widget\" data-widget_type=\"heading.default\">\n\t\t\t\t<div class=\"elementor-widget-container\">\n\t\t\t\t\t<h2 class=\"elementor-heading-title elementor-size-default\">2. Acerca de los Servicios Ofrecidos<\/h2>\t\t\t\t<\/div>\n\t\t\t\t<\/div>\n\t\t\t\t<div class=\"elementor-element elementor-element-f52f52c elementor-widget elementor-widget-heading\" data-id=\"f52f52c\" data-element_type=\"widget\" data-e-type=\"widget\" data-widget_type=\"heading.default\">\n\t\t\t\t<div class=\"elementor-widget-container\">\n\t\t\t\t\t<h2 class=\"elementor-heading-title elementor-size-default\">Es potestativo de Centro Deportivo Integral SportKids (Nicol\u00e1s Ruiz Villamil) elegir la informaci\u00f3n, funcionalidades o caracter\u00edsticas ofrecidas en el SITIO. Asimismo est\u00e1 en la libertad de incluir o retirar funciones, servicios o productos sin previo aviso ni autorizaci\u00f3n.<\/h2>\t\t\t\t<\/div>\n\t\t\t\t<\/div>\n\t\t\t\t<div class=\"elementor-element elementor-element-7b25f3c elementor-widget elementor-widget-heading\" data-id=\"7b25f3c\" data-element_type=\"widget\" data-e-type=\"widget\" data-widget_type=\"heading.default\">\n\t\t\t\t<div class=\"elementor-widget-container\">\n\t\t\t\t\t<h2 class=\"elementor-heading-title elementor-size-default\">3. Propiedad Intelectual<\/h2>\t\t\t\t<\/div>\n\t\t\t\t<\/div>\n\t\t\t\t<div class=\"elementor-element elementor-element-9729685 elementor-widget elementor-widget-heading\" data-id=\"9729685\" data-element_type=\"widget\" data-e-type=\"widget\" data-widget_type=\"heading.default\">\n\t\t\t\t<div class=\"elementor-widget-container\">\n\t\t\t\t\t<h2 class=\"elementor-heading-title elementor-size-default\">Todos los contenidos del SITIO, incluyendo im\u00e1genes, textos y dise\u00f1o, est\u00e1n protegidos por derechos de autor. No est\u00e1 permitido utilizar, reproducir o distribuir estos contenidos sin autorizaci\u00f3n expresa y escrita de Centro Deportivo Integral SportKids (Nicol\u00e1s Ruiz Villamil). El usuario reconoce y acepta que el uso del servicio no implica la cesi\u00f3n de ning\u00fan derecho de propiedad intelectual sobre el mismo.<\/h2>\t\t\t\t<\/div>\n\t\t\t\t<\/div>\n\t\t\t\t<div class=\"elementor-element elementor-element-29b5bed elementor-widget elementor-widget-heading\" data-id=\"29b5bed\" data-element_type=\"widget\" data-e-type=\"widget\" data-widget_type=\"heading.default\">\n\t\t\t\t<div class=\"elementor-widget-container\">\n\t\t\t\t\t<h2 class=\"elementor-heading-title elementor-size-default\">4. Privacidad<\/h2>\t\t\t\t<\/div>\n\t\t\t\t<\/div>\n\t\t\t\t<div class=\"elementor-element elementor-element-791b5b5 elementor-widget elementor-widget-heading\" data-id=\"791b5b5\" data-element_type=\"widget\" data-e-type=\"widget\" data-widget_type=\"heading.default\">\n\t\t\t\t<div class=\"elementor-widget-container\">\n\t\t\t\t\t<h2 class=\"elementor-heading-title elementor-size-default\">Manejamos todos los datos de los usuarios de acuerdo a la normativa vigente colombiana. A trav\u00e9s del Pie de P\u00e1gina en el enlace \u201cPol\u00edtica de Privacidad\u201d, \u201cPol\u00edtica de Privacidad y Manejo de Datos Personales\u201d, \u201cPol\u00edtica de Datos Personales\u201d, o similares, puede acceder y consultar la \u201cPol\u00edtica de privacidad y manejo de datos personales\u201d para obtener informaci\u00f3n sobre c\u00f3mo se manejan los datos personales en el SITIO.<\/h2>\t\t\t\t<\/div>\n\t\t\t\t<\/div>\n\t\t\t\t<div class=\"elementor-element elementor-element-892b4df elementor-widget elementor-widget-heading\" data-id=\"892b4df\" data-element_type=\"widget\" data-e-type=\"widget\" data-widget_type=\"heading.default\">\n\t\t\t\t<div class=\"elementor-widget-container\">\n\t\t\t\t\t<h2 class=\"elementor-heading-title elementor-size-default\">5. Limitaci\u00f3n de responsabilidad<\/h2>\t\t\t\t<\/div>\n\t\t\t\t<\/div>\n\t\t\t\t<div class=\"elementor-element elementor-element-865bc3e elementor-widget elementor-widget-heading\" data-id=\"865bc3e\" data-element_type=\"widget\" data-e-type=\"widget\" data-widget_type=\"heading.default\">\n\t\t\t\t<div class=\"elementor-widget-container\">\n\t\t\t\t\t<h2 class=\"elementor-heading-title elementor-size-default\">Centro Deportivo Integral SportKids (Nicol\u00e1s Ruiz Villamil) no ser\u00e1 responsable por cualquier da\u00f1o, p\u00e9rdida o perjuicio que pueda sufrir el usuario como resultado del uso o interpretaci\u00f3n de la informaci\u00f3n aqu\u00ed contenida, del  uso del servicio o, en general, del acceso a alguna de las  funcionalidades prove\u00eddas.<\/h2>\t\t\t\t<\/div>\n\t\t\t\t<\/div>\n\t\t\t\t<div class=\"elementor-element elementor-element-43751a3 elementor-widget elementor-widget-heading\" data-id=\"43751a3\" data-element_type=\"widget\" data-e-type=\"widget\" data-widget_type=\"heading.default\">\n\t\t\t\t<div class=\"elementor-widget-container\">\n\t\t\t\t\t<h2 class=\"elementor-heading-title elementor-size-default\">6. Garant\u00eda<\/h2>\t\t\t\t<\/div>\n\t\t\t\t<\/div>\n\t\t\t\t<div class=\"elementor-element elementor-element-480d408 elementor-widget elementor-widget-heading\" data-id=\"480d408\" data-element_type=\"widget\" data-e-type=\"widget\" data-widget_type=\"heading.default\">\n\t\t\t\t<div class=\"elementor-widget-container\">\n\t\t\t\t\t<h2 class=\"elementor-heading-title elementor-size-default\">Centro Deportivo Integral SportKids (Nicol\u00e1s Ruiz Villamil) garantiza que el servicio de esta p\u00e1gina web se prestar\u00e1 de manera diligente y profesional, de acuerdo con los est\u00e1ndares de la industria y las mejores pr\u00e1cticas. En caso de que el usuario tenga problemas t\u00e9cnicos con la p\u00e1gina, Centro Deportivo Integral SportKids (Nicol\u00e1s Ruiz Villamil) se compromete a hacer todos los esfuerzos razonables para solucionarlos. Sin embargo, Centro Deportivo Integral SportKids (Nicol\u00e1s Ruiz Villamil) no garantiza que el servicio estar\u00e1 libre de errores o interrupciones. <\/h2>\t\t\t\t<\/div>\n\t\t\t\t<\/div>\n\t\t\t\t<div class=\"elementor-element elementor-element-ca81150 elementor-widget elementor-widget-heading\" data-id=\"ca81150\" data-element_type=\"widget\" data-e-type=\"widget\" data-widget_type=\"heading.default\">\n\t\t\t\t<div class=\"elementor-widget-container\">\n\t\t\t\t\t<h2 class=\"elementor-heading-title elementor-size-default\">7. Ley Aplicable y Jurisdicci\u00f3n<\/h2>\t\t\t\t<\/div>\n\t\t\t\t<\/div>\n\t\t\t\t<div class=\"elementor-element elementor-element-2b41de4 elementor-widget elementor-widget-heading\" data-id=\"2b41de4\" data-element_type=\"widget\" data-e-type=\"widget\" data-widget_type=\"heading.default\">\n\t\t\t\t<div class=\"elementor-widget-container\">\n\t\t\t\t\t<h2 class=\"elementor-heading-title elementor-size-default\">Estos T\u00e9rminos y Condiciones de Uso se rigen por las leyes de la Rep\u00fablica de Colombia. Cualquier disputa derivada de estos T\u00e9rminos y Condiciones estar\u00e1 sujeta a la jurisdicci\u00f3n de los tribunales competentes en Colombia.<\/h2>\t\t\t\t<\/div>\n\t\t\t\t<\/div>\n\t\t\t\t<div class=\"elementor-element elementor-element-e0fd75f elementor-widget elementor-widget-heading\" data-id=\"e0fd75f\" data-element_type=\"widget\" data-e-type=\"widget\" data-widget_type=\"heading.default\">\n\t\t\t\t<div class=\"elementor-widget-container\">\n\t\t\t\t\t<h2 class=\"elementor-heading-title elementor-size-default\">8. Aceptaci\u00f3n de los t\u00e9rminos y condiciones<\/h2>\t\t\t\t<\/div>\n\t\t\t\t<\/div>\n\t\t\t\t<div class=\"elementor-element elementor-element-7597384 elementor-widget elementor-widget-text-editor\" data-id=\"7597384\" data-element_type=\"widget\" data-e-type=\"widget\" data-widget_type=\"text-editor.default\">\n\t\t\t\t<div class=\"elementor-widget-container\">\n\t\t\t\t\t\t\t\t\t<p>Al utilizar el SITIO, el usuario, cliente o potencial cliente, acepta estos T\u00e9rminos y Condiciones en su totalidad. Centro Deportivo Integral SportKids (Nicol\u00e1s Ruiz Villamil) se reserva el derecho de modificar o actualizar estos t\u00e9rminos en cualquier momento, y dichas modificaciones entrar\u00e1n en vigencia desde su publicaci\u00f3n en el SITIO. Cualquier duda o inquietud sobre los presentes T\u00e9rminos y Condiciones puede ser remitida al correo <a class=\"css-1rn59kg\" title=\"mailto:sportkidsbogota@gmail.com\" href=\"mailto:sportkidsbogota@gmail.com\" data-testid=\"link-with-safety\" data-renderer-mark=\"true\">sportkidsbogota@gmail.com<\/a>.<\/p>\t\t\t\t\t\t\t\t<\/div>\n\t\t\t\t<\/div>\n\t\t\t\t<div class=\"elementor-element elementor-element-5f3f745 elementor-widget elementor-widget-heading\" data-id=\"5f3f745\" data-element_type=\"widget\" data-e-type=\"widget\" data-widget_type=\"heading.default\">\n\t\t\t\t<div class=\"elementor-widget-container\">\n\t\t\t\t\t<h2 class=\"elementor-heading-title elementor-size-default\">\u00daltima actualizaci\u00f3n: 24 de julio de 2024.<\/h2>\t\t\t\t<\/div>\n\t\t\t\t<\/div>\n\t\t\t\t<\/div>\n\t\t\t\t<\/div>\n\t\t","protected":false},"excerpt":{"rendered":"<p>T\u00e9rminos y condiciones de uso Bienvenido a la p\u00e1gina web de Centro Deportivo Integral SportKids (Nicol\u00e1s Ruiz Villamil), una p\u00e1gina web que muestra una oferta de Servicios e informaci\u00f3n sobre las disciplinas deportivas ofrecidas por el Centro Deportivo Integral SportKids. Al acceder, consultar o usar nuestra plataforma web (en adelante, el &#8220;SITIO&#8221;), aceptas los siguientes [&hellip;]<\/p>\n","protected":false},"author":1,"featured_media":0,"parent":0,"menu_order":0,"comment_status":"closed","ping_status":"closed","template":"","meta":{"ocean_post_layout":"","ocean_both_sidebars_style":"","ocean_both_sidebars_content_width":0,"ocean_both_sidebars_sidebars_width":0,"ocean_sidebar":"","ocean_second_sidebar":"","ocean_disable_margins":"enable","ocean_add_body_class":"","ocean_shortcode_before_top_bar":"","ocean_shortcode_after_top_bar":"","ocean_shortcode_before_header":"","ocean_shortcode_after_header":"","ocean_has_shortcode":"","ocean_shortcode_after_title":"","ocean_shortcode_before_footer_widgets":"","ocean_shortcode_after_footer_widgets":"","ocean_shortcode_before_footer_bottom":"","ocean_shortcode_after_footer_bottom":"","ocean_display_top_bar":"default","ocean_display_header":"default","ocean_header_style":"","ocean_center_header_left_menu":"","ocean_custom_header_template":"","ocean_custom_logo":0,"ocean_custom_retina_logo":0,"ocean_custom_logo_max_width":0,"ocean_custom_logo_tablet_max_width":0,"ocean_custom_logo_mobile_max_width":0,"ocean_custom_logo_max_height":0,"ocean_custom_logo_tablet_max_height":0,"ocean_custom_logo_mobile_max_height":0,"ocean_header_custom_menu":"","ocean_menu_typo_font_family":"","ocean_menu_typo_font_subset":"","ocean_menu_typo_font_size":0,"ocean_menu_typo_font_size_tablet":0,"ocean_menu_typo_font_size_mobile":0,"ocean_menu_typo_font_size_unit":"px","ocean_menu_typo_font_weight":"","ocean_menu_typo_font_weight_tablet":"","ocean_menu_typo_font_weight_mobile":"","ocean_menu_typo_transform":"","ocean_menu_typo_transform_tablet":"","ocean_menu_typo_transform_mobile":"","ocean_menu_typo_line_height":0,"ocean_menu_typo_line_height_tablet":0,"ocean_menu_typo_line_height_mobile":0,"ocean_menu_typo_line_height_unit":"","ocean_menu_typo_spacing":0,"ocean_menu_typo_spacing_tablet":0,"ocean_menu_typo_spacing_mobile":0,"ocean_menu_typo_spacing_unit":"","ocean_menu_link_color":"","ocean_menu_link_color_hover":"","ocean_menu_link_color_active":"","ocean_menu_link_background":"","ocean_menu_link_hover_background":"","ocean_menu_link_active_background":"","ocean_menu_social_links_bg":"","ocean_menu_social_hover_links_bg":"","ocean_menu_social_links_color":"","ocean_menu_social_hover_links_color":"","ocean_disable_title":"default","ocean_disable_heading":"default","ocean_post_title":"","ocean_post_subheading":"","ocean_post_title_style":"","ocean_post_title_background_color":"","ocean_post_title_background":0,"ocean_post_title_bg_image_position":"","ocean_post_title_bg_image_attachment":"","ocean_post_title_bg_image_repeat":"","ocean_post_title_bg_image_size":"","ocean_post_title_height":0,"ocean_post_title_bg_overlay":0.5,"ocean_post_title_bg_overlay_color":"","ocean_disable_breadcrumbs":"default","ocean_breadcrumbs_color":"","ocean_breadcrumbs_separator_color":"","ocean_breadcrumbs_links_color":"","ocean_breadcrumbs_links_hover_color":"","ocean_display_footer_widgets":"default","ocean_display_footer_bottom":"default","ocean_custom_footer_template":"","footnotes":""},"class_list":["post-1623","page","type-page","status-publish","hentry","entry","owp-thumbs-layout-horizontal","owp-btn-normal","owp-tabs-layout-horizontal","has-no-thumbnails","has-product-nav"],"yoast_head":"<!-- This site is optimized with the Yoast SEO plugin v24.6 - https:\/\/yoast.com\/wordpress\/plugins\/seo\/ -->\n<title>T\u00e9rminos y condiciones - SportKids<\/title>\n<meta name=\"robots\" content=\"index, follow, max-snippet:-1, max-image-preview:large, max-video-preview:-1\" \/>\n<link rel=\"canonical\" href=\"https:\/\/sportkids.com.co\/index.php\/terminos-y-condiciones\/\" \/>\n<meta property=\"og:locale\" content=\"es_ES\" \/>\n<meta property=\"og:type\" content=\"article\" \/>\n<meta property=\"og:title\" content=\"T\u00e9rminos y condiciones - SportKids\" \/>\n<meta property=\"og:description\" content=\"T\u00e9rminos y condiciones de uso Bienvenido a la p\u00e1gina web de Centro Deportivo Integral SportKids (Nicol\u00e1s Ruiz Villamil), una p\u00e1gina web que muestra una oferta de Servicios e informaci\u00f3n sobre las disciplinas deportivas ofrecidas por el Centro Deportivo Integral SportKids. Al acceder, consultar o usar nuestra plataforma web (en adelante, el &#8220;SITIO&#8221;), aceptas los siguientes [&hellip;]\" \/>\n<meta property=\"og:url\" content=\"https:\/\/sportkids.com.co\/index.php\/terminos-y-condiciones\/\" \/>\n<meta property=\"og:site_name\" content=\"SportKids\" \/>\n<meta property=\"article:modified_time\" content=\"2024-08-14T21:52:01+00:00\" \/>\n<meta name=\"twitter:card\" content=\"summary_large_image\" \/>\n<meta name=\"twitter:label1\" content=\"Tiempo de lectura\" \/>\n\t<meta name=\"twitter:data1\" content=\"3 minutos\" \/>\n<script type=\"application\/ld+json\" class=\"yoast-schema-graph\">{\"@context\":\"https:\/\/schema.org\",\"@graph\":[{\"@type\":\"WebPage\",\"@id\":\"https:\/\/sportkids.com.co\/index.php\/terminos-y-condiciones\/\",\"url\":\"https:\/\/sportkids.com.co\/index.php\/terminos-y-condiciones\/\",\"name\":\"T\u00e9rminos y condiciones - SportKids\",\"isPartOf\":{\"@id\":\"https:\/\/sportkids.com.co\/#website\"},\"datePublished\":\"2024-08-14T20:50:11+00:00\",\"dateModified\":\"2024-08-14T21:52:01+00:00\",\"breadcrumb\":{\"@id\":\"https:\/\/sportkids.com.co\/index.php\/terminos-y-condiciones\/#breadcrumb\"},\"inLanguage\":\"es-CO\",\"potentialAction\":[{\"@type\":\"ReadAction\",\"target\":[\"https:\/\/sportkids.com.co\/index.php\/terminos-y-condiciones\/\"]}]},{\"@type\":\"BreadcrumbList\",\"@id\":\"https:\/\/sportkids.com.co\/index.php\/terminos-y-condiciones\/#breadcrumb\",\"itemListElement\":[{\"@type\":\"ListItem\",\"position\":1,\"name\":\"Inicio\",\"item\":\"https:\/\/sportkids.com.co\/\"},{\"@type\":\"ListItem\",\"position\":2,\"name\":\"T\u00e9rminos y condiciones\"}]},{\"@type\":\"WebSite\",\"@id\":\"https:\/\/sportkids.com.co\/#website\",\"url\":\"https:\/\/sportkids.com.co\/\",\"name\":\"SportKids\",\"description\":\"\",\"publisher\":{\"@id\":\"https:\/\/sportkids.com.co\/#organization\"},\"potentialAction\":[{\"@type\":\"SearchAction\",\"target\":{\"@type\":\"EntryPoint\",\"urlTemplate\":\"https:\/\/sportkids.com.co\/?s={search_term_string}\"},\"query-input\":{\"@type\":\"PropertyValueSpecification\",\"valueRequired\":true,\"valueName\":\"search_term_string\"}}],\"inLanguage\":\"es-CO\"},{\"@type\":\"Organization\",\"@id\":\"https:\/\/sportkids.com.co\/#organization\",\"name\":\"SportKids\",\"url\":\"https:\/\/sportkids.com.co\/\",\"logo\":{\"@type\":\"ImageObject\",\"inLanguage\":\"es-CO\",\"@id\":\"https:\/\/sportkids.com.co\/#\/schema\/logo\/image\/\",\"url\":\"https:\/\/sportkids.com.co\/wp-content\/uploads\/2024\/07\/cropped-SportKids-logo-blanco-e1720457836420.png\",\"contentUrl\":\"https:\/\/sportkids.com.co\/wp-content\/uploads\/2024\/07\/cropped-SportKids-logo-blanco-e1720457836420.png\",\"width\":1078,\"height\":555,\"caption\":\"SportKids\"},\"image\":{\"@id\":\"https:\/\/sportkids.com.co\/#\/schema\/logo\/image\/\"}}]}<\/script>\n<!-- \/ Yoast SEO plugin. -->","yoast_head_json":{"title":"T\u00e9rminos y condiciones - SportKids","robots":{"index":"index","follow":"follow","max-snippet":"max-snippet:-1","max-image-preview":"max-image-preview:large","max-video-preview":"max-video-preview:-1"},"canonical":"https:\/\/sportkids.com.co\/index.php\/terminos-y-condiciones\/","og_locale":"es_ES","og_type":"article","og_title":"T\u00e9rminos y condiciones - SportKids","og_description":"T\u00e9rminos y condiciones de uso Bienvenido a la p\u00e1gina web de Centro Deportivo Integral SportKids (Nicol\u00e1s Ruiz Villamil), una p\u00e1gina web que muestra una oferta de Servicios e informaci\u00f3n sobre las disciplinas deportivas ofrecidas por el Centro Deportivo Integral SportKids. Al acceder, consultar o usar nuestra plataforma web (en adelante, el &#8220;SITIO&#8221;), aceptas los siguientes [&hellip;]","og_url":"https:\/\/sportkids.com.co\/index.php\/terminos-y-condiciones\/","og_site_name":"SportKids","article_modified_time":"2024-08-14T21:52:01+00:00","twitter_card":"summary_large_image","twitter_misc":{"Tiempo de lectura":"3 minutos"},"schema":{"@context":"https:\/\/schema.org","@graph":[{"@type":"WebPage","@id":"https:\/\/sportkids.com.co\/index.php\/terminos-y-condiciones\/","url":"https:\/\/sportkids.com.co\/index.php\/terminos-y-condiciones\/","name":"T\u00e9rminos y condiciones - SportKids","isPartOf":{"@id":"https:\/\/sportkids.com.co\/#website"},"datePublished":"2024-08-14T20:50:11+00:00","dateModified":"2024-08-14T21:52:01+00:00","breadcrumb":{"@id":"https:\/\/sportkids.com.co\/index.php\/terminos-y-condiciones\/#breadcrumb"},"inLanguage":"es-CO","potentialAction":[{"@type":"ReadAction","target":["https:\/\/sportkids.com.co\/index.php\/terminos-y-condiciones\/"]}]},{"@type":"BreadcrumbList","@id":"https:\/\/sportkids.com.co\/index.php\/terminos-y-condiciones\/#breadcrumb","itemListElement":[{"@type":"ListItem","position":1,"name":"Inicio","item":"https:\/\/sportkids.com.co\/"},{"@type":"ListItem","position":2,"name":"T\u00e9rminos y condiciones"}]},{"@type":"WebSite","@id":"https:\/\/sportkids.com.co\/#website","url":"https:\/\/sportkids.com.co\/","name":"SportKids","description":"","publisher":{"@id":"https:\/\/sportkids.com.co\/#organization"},"potentialAction":[{"@type":"SearchAction","target":{"@type":"EntryPoint","urlTemplate":"https:\/\/sportkids.com.co\/?s={search_term_string}"},"query-input":{"@type":"PropertyValueSpecification","valueRequired":true,"valueName":"search_term_string"}}],"inLanguage":"es-CO"},{"@type":"Organization","@id":"https:\/\/sportkids.com.co\/#organization","name":"SportKids","url":"https:\/\/sportkids.com.co\/","logo":{"@type":"ImageObject","inLanguage":"es-CO","@id":"https:\/\/sportkids.com.co\/#\/schema\/logo\/image\/","url":"https:\/\/sportkids.com.co\/wp-content\/uploads\/2024\/07\/cropped-SportKids-logo-blanco-e1720457836420.png","contentUrl":"https:\/\/sportkids.com.co\/wp-content\/uploads\/2024\/07\/cropped-SportKids-logo-blanco-e1720457836420.png","width":1078,"height":555,"caption":"SportKids"},"image":{"@id":"https:\/\/sportkids.com.co\/#\/schema\/logo\/image\/"}}]}},"_links":{"self":[{"href":"https:\/\/sportkids.com.co\/index.php\/wp-json\/wp\/v2\/pages\/1623","targetHints":{"allow":["GET"]}}],"collection":[{"href":"https:\/\/sportkids.com.co\/index.php\/wp-json\/wp\/v2\/pages"}],"about":[{"href":"https:\/\/sportkids.com.co\/index.php\/wp-json\/wp\/v2\/types\/page"}],"author":[{"embeddable":true,"href":"https:\/\/sportkids.com.co\/index.php\/wp-json\/wp\/v2\/users\/1"}],"replies":[{"embeddable":true,"href":"https:\/\/sportkids.com.co\/index.php\/wp-json\/wp\/v2\/comments?post=1623"}],"version-history":[{"count":0,"href":"https:\/\/sportkids.com.co\/index.php\/wp-json\/wp\/v2\/pages\/1623\/revisions"}],"wp:attachment":[{"href":"https:\/\/sportkids.com.co\/index.php\/wp-json\/wp\/v2\/media?parent=1623"}],"curies":[{"name":"wp","href":"https:\/\/api.w.org\/{rel}","templated":true}]}}